{"id":11,"date":"2014-10-02T16:02:18","date_gmt":"2014-10-02T14:02:18","guid":{"rendered":"http:\/\/schneider-elektrotechnik.netkonzept-budde.de\/?page_id=11"},"modified":"2022-12-02T16:55:49","modified_gmt":"2022-12-02T14:55:49","slug":"referenzen","status":"publish","type":"page","link":"http:\/\/elektro-edv-schneider.de\/?page_id=11","title":{"rendered":"Systempartner"},"content":{"rendered":"<p>Seit dem Jahr 2011 sind wir Systempartner der Firma Keyence, im Bereich der Bildbearbeitung. Seit dem Jahr 2012 setzen wir LabVIEW f\u00fcr die PC Programmierung.<br \/>\nHerr Thomas Schneider und Herrn Leon Schneider\u00a0werden regelm\u00e4\u00dfig in den unterschiedlichsten Produkten geschult, so k\u00f6nnen wir immer den neuesten Stand der Technik anbieten und betreuen.<\/p>\n","protected":false},"excerpt":{"rendered":"<p>Seit dem Jahr 2011 sind wir Systempartner der Firma Keyence, im Bereich der Bildbearbeitung. Seit dem Jahr 2012 setzen wir LabVIEW f\u00fcr die PC Programmierung. Herr Thomas Schneider und Herrn Leon Schneider\u00a0werden regelm\u00e4\u00dfig in den unterschiedlichsten Produkten geschult, so k\u00f6nnen wir immer den neuesten Stand der Technik anbieten und betreuen.<\/p>\n","protected":false},"author":1,"featured_media":0,"parent":0,"menu_order":0,"comment_status":"open","ping_status":"open","template":"","meta":{"footnotes":""},"class_list":["post-11","page","type-page","status-publish","hentry"],"_links":{"self":[{"href":"http:\/\/elektro-edv-schneider.de\/index.php?rest_route=\/wp\/v2\/pages\/11","targetHints":{"allow":["GET"]}}],"collection":[{"href":"http:\/\/elektro-edv-schneider.de\/index.php?rest_route=\/wp\/v2\/pages"}],"about":[{"href":"http:\/\/elektro-edv-schneider.de\/index.php?rest_route=\/wp\/v2\/types\/page"}],"author":[{"embeddable":true,"href":"http:\/\/elektro-edv-schneider.de\/index.php?rest_route=\/wp\/v2\/users\/1"}],"replies":[{"embeddable":true,"href":"http:\/\/elektro-edv-schneider.de\/index.php?rest_route=%2Fwp%2Fv2%2Fcomments&post=11"}],"version-history":[{"count":6,"href":"http:\/\/elektro-edv-schneider.de\/index.php?rest_route=\/wp\/v2\/pages\/11\/revisions"}],"predecessor-version":[{"id":131,"href":"http:\/\/elektro-edv-schneider.de\/index.php?rest_route=\/wp\/v2\/pages\/11\/revisions\/131"}],"wp:attachment":[{"href":"http:\/\/elektro-edv-schneider.de\/index.php?rest_route=%2Fwp%2Fv2%2Fmedia&parent=11"}],"curies":[{"name":"wp","href":"https:\/\/api.w.org\/{rel}","templated":true}]}}