{"id":5,"date":"2014-10-02T16:01:40","date_gmt":"2014-10-02T14:01:40","guid":{"rendered":"http:\/\/schneider-elektrotechnik.netkonzept-budde.de\/?page_id=5"},"modified":"2014-10-20T19:41:56","modified_gmt":"2014-10-20T17:41:56","slug":"profil","status":"publish","type":"page","link":"http:\/\/elektro-edv-schneider.de\/?page_id=5","title":{"rendered":"Profil"},"content":{"rendered":"<p>Schneider Elektrotechnik wurde im Jahr 1997 in Menden gegr\u00fcndet.<a href=\"http:\/\/elektro-edv-schneider.de\/wp-content\/uploads\/2014\/10\/Gaedigk_04_2010_113.jpg\"><img loading=\"lazy\" decoding=\"async\" class=\"alignright wp-image-56\" src=\"http:\/\/elektro-edv-schneider.de\/wp-content\/uploads\/2014\/10\/Gaedigk_04_2010_113-150x150.jpg\" alt=\"Gaedigk_04_2010_113\" width=\"200\" height=\"133\" srcset=\"http:\/\/elektro-edv-schneider.de\/wp-content\/uploads\/2014\/10\/Gaedigk_04_2010_113-300x199.jpg 300w, http:\/\/elektro-edv-schneider.de\/wp-content\/uploads\/2014\/10\/Gaedigk_04_2010_113-1024x680.jpg 1024w, http:\/\/elektro-edv-schneider.de\/wp-content\/uploads\/2014\/10\/Gaedigk_04_2010_113.jpg 1200w\" sizes=\"auto, (max-width: 200px) 100vw, 200px\" \/><\/a><br \/>\nNur zu Beginn beschr\u00e4nkte sich unser Arbeitsgebiet auf die klassische Elektroinstallation.<br \/>\nSeit 2002 nahm die Automatisierungs- und Steuerungstechnik einen immer gr\u00f6\u00dferen Raum ein, so dass wir heute ausschlie\u00dflich in diesem Bereich arbeiten.<\/p>\n<p>Als Familienunternehmen, und darauf sind wir sehr stolz, k\u00f6nnen wir unseren Kunden nicht nur den pers\u00f6nlichen Kontakt garantieren, sondern auch kompetente Ansprechpartner, die immer das gesamte Projekt im Blick haben.<br \/>\nF\u00fcr uns gibt es keine starren Arbeitszeiten, sondern reagieren wenn n\u00f6tig flexibel auf die Anforderungen unserer Kunden.<\/p>\n<p>Inzwischen z\u00e4hlt nicht nur ein gr\u00f6\u00dferer Firmensitz zu unserem ganzen Stolz, sondern auch familieneigener Firmen-Nachwuchs und freie Mitarbeiter.<br \/>\nUnserer Heimat Menden sind wir treu geblieben, k\u00f6nnen aber Dank der weltweiten Internetvernetzung auch \u00fcber die Grenzen von Menden und Deutschland hinaus sehr gut die Kunden betreuen.<\/p>\n","protected":false},"excerpt":{"rendered":"<p>Schneider Elektrotechnik wurde im Jahr 1997 in Menden gegr\u00fcndet. Nur zu Beginn beschr\u00e4nkte sich unser Arbeitsgebiet auf die klassische Elektroinstallation. Seit 2002 nahm die Automatisierungs- und Steuerungstechnik einen immer gr\u00f6\u00dferen Raum ein, so dass wir heute ausschlie\u00dflich in diesem Bereich arbeiten. Als Familienunternehmen, und darauf sind wir sehr stolz, k\u00f6nnen wir unseren Kunden nicht nur [&hellip;]<\/p>\n","protected":false},"author":1,"featured_media":0,"parent":0,"menu_order":0,"comment_status":"open","ping_status":"open","template":"","meta":{"footnotes":""},"class_list":["post-5","page","type-page","status-publish","hentry"],"_links":{"self":[{"href":"http:\/\/elektro-edv-schneider.de\/index.php?rest_route=\/wp\/v2\/pages\/5","targetHints":{"allow":["GET"]}}],"collection":[{"href":"http:\/\/elektro-edv-schneider.de\/index.php?rest_route=\/wp\/v2\/pages"}],"about":[{"href":"http:\/\/elektro-edv-schneider.de\/index.php?rest_route=\/wp\/v2\/types\/page"}],"author":[{"embeddable":true,"href":"http:\/\/elektro-edv-schneider.de\/index.php?rest_route=\/wp\/v2\/users\/1"}],"replies":[{"embeddable":true,"href":"http:\/\/elektro-edv-schneider.de\/index.php?rest_route=%2Fwp%2Fv2%2Fcomments&post=5"}],"version-history":[{"count":4,"href":"http:\/\/elektro-edv-schneider.de\/index.php?rest_route=\/wp\/v2\/pages\/5\/revisions"}],"predecessor-version":[{"id":105,"href":"http:\/\/elektro-edv-schneider.de\/index.php?rest_route=\/wp\/v2\/pages\/5\/revisions\/105"}],"wp:attachment":[{"href":"http:\/\/elektro-edv-schneider.de\/index.php?rest_route=%2Fwp%2Fv2%2Fmedia&parent=5"}],"curies":[{"name":"wp","href":"https:\/\/api.w.org\/{rel}","templated":true}]}}